{"id":1283,"date":"2023-12-30T12:28:57","date_gmt":"2023-12-30T10:28:57","guid":{"rendered":"https:\/\/wayaly.com\/pruebas3\/?post_type=product&#038;p=1283"},"modified":"2023-12-30T12:30:00","modified_gmt":"2023-12-30T10:30:00","slug":"xbox","status":"publish","type":"product","link":"https:\/\/wayaly.com\/pruebas3\/producto\/xbox\/","title":{"rendered":"Xbox"},"content":{"rendered":"<div class=\"b-tT1Bqf\">\n<div class=\"\" data-orientation=\"vertical\" data-state=\"open\">\n<div class=\"b-tT1Bqf\">\n<div class=\"\" data-orientation=\"vertical\" data-state=\"open\"><strong>CANJEAR<\/strong><\/div>\n<div id=\"radix-:rdp:\" class=\"b-NGwsL7\" role=\"region\" data-state=\"open\" aria-labelledby=\"radix-:rdo:\" data-orientation=\"vertical\">\n<div class=\"b-tT1Bqf\">\n<ol>\n<li>Ve a microsoft.com\/redeem microsoft.com\/redeem<\/li>\n<li>Copia el c\u00f3digo y pegalo<\/li>\n<li>Empieza a comprar<\/li>\n<\/ol>\n<p>Con esta tarjeta podr\u00e1s comprar juegos, pel\u00edculas, programas de TV, m\u00fasica, aplicaciones y m\u00e1s en Xbox.<\/p>\n<\/div>\n<\/div>\n<\/div>\n<\/div>\n<\/div>\n","protected":false},"excerpt":{"rendered":"<p>Los usuarios pueden explorar y comprar las \u00faltimas consolas Xbox, juegos nuevos y cl\u00e1sicos y accesorios en la Tienda Xbox en l\u00ednea. Xbox Espa\u00f1a tambi\u00e9n ofrece promociones, descuentos y ofertas especiales en consolas, juegos, suscripciones y accesorios. Las tarjetas de regalo de Xbox permiten a los jugadores comprar juegos, contenido del juego y suscripciones.<\/p>\n","protected":false},"featured_media":1284,"comment_status":"open","ping_status":"closed","template":"","meta":[],"product_cat":[63],"product_tag":[],"class_list":{"0":"post-1283","1":"product","2":"type-product","3":"status-publish","4":"has-post-thumbnail","6":"product_cat-xbox","8":"first","9":"instock","10":"virtual","11":"purchasable","12":"product-type-simple"},"yoast_head":"<!-- This site is optimized with the Yoast SEO plugin v21.7 - https:\/\/yoast.com\/wordpress\/plugins\/seo\/ -->\n<title>Xbox - Wayaly GiftCard<\/title>\n<meta name=\"description\" content=\"Descubre la magia de regalar con facilidad: adquiere tu tarjeta de regalo del Grupo Inditex de manera segura y eficiente a trav\u00e9s de Wayaly. Descubre la nueva colecci\u00f3n de ZARA con las \u00faltimas tendencias en moda. La Tarjeta Regalo es v\u00e1lida en tiendas y webs del Grupo Inditex en Espa\u00f1a: Zara, Pull&amp;Bear, Massimo Dutti, Bershka, Stradivarius, Oysho, Zara Home, Lefties y Uterq\u00fce; y en las tiendas Kiddy&#039;s Class.\" \/>\n<meta name=\"robots\" content=\"index, follow, max-snippet:-1, max-image-preview:large, max-video-preview:-1\" \/>\n<link rel=\"canonical\" href=\"https:\/\/wayaly.com\/pruebas3\/producto\/xbox\/\" \/>\n<meta property=\"og:locale\" content=\"es_ES\" \/>\n<meta property=\"og:type\" content=\"article\" \/>\n<meta property=\"og:title\" content=\"Xbox - Wayaly GiftCard\" \/>\n<meta property=\"og:description\" content=\"Descubre la magia de regalar con facilidad: adquiere tu tarjeta de regalo del Grupo Inditex de manera segura y eficiente a trav\u00e9s de Wayaly. Descubre la nueva colecci\u00f3n de ZARA con las \u00faltimas tendencias en moda. La Tarjeta Regalo es v\u00e1lida en tiendas y webs del Grupo Inditex en Espa\u00f1a: Zara, Pull&amp;Bear, Massimo Dutti, Bershka, Stradivarius, Oysho, Zara Home, Lefties y Uterq\u00fce; y en las tiendas Kiddy&#039;s Class.\" \/>\n<meta property=\"og:url\" content=\"https:\/\/wayaly.com\/pruebas3\/producto\/xbox\/\" \/>\n<meta property=\"og:site_name\" content=\"Wayaly GiftCard\" \/>\n<meta property=\"article:modified_time\" content=\"2023-12-30T10:30:00+00:00\" \/>\n<meta property=\"og:image\" content=\"https:\/\/wayaly.com\/pruebas3\/wp-content\/uploads\/2023\/12\/xbox.png\" \/>\n\t<meta property=\"og:image:width\" content=\"604\" \/>\n\t<meta property=\"og:image:height\" content=\"612\" \/>\n\t<meta property=\"og:image:type\" content=\"image\/png\" \/>\n<meta name=\"twitter:card\" content=\"summary_large_image\" \/>\n<meta name=\"twitter:site\" content=\"@Wayaly_\" \/>\n<meta name=\"twitter:label1\" content=\"Tiempo de lectura\" \/>\n\t<meta name=\"twitter:data1\" content=\"1 minuto\" \/>\n<script type=\"application\/ld+json\" class=\"yoast-schema-graph\">{\"@context\":\"https:\/\/schema.org\",\"@graph\":[{\"@type\":\"WebPage\",\"@id\":\"https:\/\/wayaly.com\/pruebas3\/producto\/xbox\/\",\"url\":\"https:\/\/wayaly.com\/pruebas3\/producto\/xbox\/\",\"name\":\"Xbox - Wayaly GiftCard\",\"isPartOf\":{\"@id\":\"https:\/\/wayaly.com\/pruebas3\/#website\"},\"datePublished\":\"2023-12-30T10:28:57+00:00\",\"dateModified\":\"2023-12-30T10:30:00+00:00\",\"description\":\"Descubre la magia de regalar con facilidad: adquiere tu tarjeta de regalo del Grupo Inditex de manera segura y eficiente a trav\u00e9s de Wayaly. Descubre la nueva colecci\u00f3n de ZARA con las \u00faltimas tendencias en moda. La Tarjeta Regalo es v\u00e1lida en tiendas y webs del Grupo Inditex en Espa\u00f1a: Zara, Pull&amp;Bear, Massimo Dutti, Bershka, Stradivarius, Oysho, Zara Home, Lefties y Uterq\u00fce; y en las tiendas Kiddy's Class.\",\"breadcrumb\":{\"@id\":\"https:\/\/wayaly.com\/pruebas3\/producto\/xbox\/#breadcrumb\"},\"inLanguage\":\"es\",\"potentialAction\":[{\"@type\":\"ReadAction\",\"target\":[\"https:\/\/wayaly.com\/pruebas3\/producto\/xbox\/\"]}]},{\"@type\":\"BreadcrumbList\",\"@id\":\"https:\/\/wayaly.com\/pruebas3\/producto\/xbox\/#breadcrumb\",\"itemListElement\":[{\"@type\":\"ListItem\",\"position\":1,\"name\":\"Portada\",\"item\":\"https:\/\/wayaly.com\/pruebas3\/\"},{\"@type\":\"ListItem\",\"position\":2,\"name\":\"Shop\",\"item\":\"https:\/\/wayaly.com\/pruebas3\/shop\/\"},{\"@type\":\"ListItem\",\"position\":3,\"name\":\"Xbox\"}]},{\"@type\":\"WebSite\",\"@id\":\"https:\/\/wayaly.com\/pruebas3\/#website\",\"url\":\"https:\/\/wayaly.com\/pruebas3\/\",\"name\":\"Wayaly GiftCard\",\"description\":\"Paga con USDT en Glovo, Primark, Zara y m\u00e1s con Waynance\",\"publisher\":{\"@id\":\"https:\/\/wayaly.com\/pruebas3\/#organization\"},\"potentialAction\":[{\"@type\":\"SearchAction\",\"target\":{\"@type\":\"EntryPoint\",\"urlTemplate\":\"https:\/\/wayaly.com\/pruebas3\/?s={search_term_string}\"},\"query-input\":\"required name=search_term_string\"}],\"inLanguage\":\"es\"},{\"@type\":\"Organization\",\"@id\":\"https:\/\/wayaly.com\/pruebas3\/#organization\",\"name\":\"Wayaly GiftCard\",\"url\":\"https:\/\/wayaly.com\/pruebas3\/\",\"logo\":{\"@type\":\"ImageObject\",\"inLanguage\":\"es\",\"@id\":\"https:\/\/wayaly.com\/pruebas3\/#\/schema\/logo\/image\/\",\"url\":\"https:\/\/wayaly.com\/pruebas3\/wp-content\/uploads\/2023\/12\/cropped-3.png\",\"contentUrl\":\"https:\/\/wayaly.com\/pruebas3\/wp-content\/uploads\/2023\/12\/cropped-3.png\",\"width\":1110,\"height\":931,\"caption\":\"Wayaly GiftCard\"},\"image\":{\"@id\":\"https:\/\/wayaly.com\/pruebas3\/#\/schema\/logo\/image\/\"},\"sameAs\":[\"https:\/\/twitter.com\/Wayaly_\"]}]}<\/script>\n<!-- \/ Yoast SEO plugin. -->","yoast_head_json":{"title":"Xbox - Wayaly GiftCard","description":"Descubre la magia de regalar con facilidad: adquiere tu tarjeta de regalo del Grupo Inditex de manera segura y eficiente a trav\u00e9s de Wayaly. Descubre la nueva colecci\u00f3n de ZARA con las \u00faltimas tendencias en moda. La Tarjeta Regalo es v\u00e1lida en tiendas y webs del Grupo Inditex en Espa\u00f1a: Zara, Pull&amp;Bear, Massimo Dutti, Bershka, Stradivarius, Oysho, Zara Home, Lefties y Uterq\u00fce; y en las tiendas Kiddy's Class.","robots":{"index":"index","follow":"follow","max-snippet":"max-snippet:-1","max-image-preview":"max-image-preview:large","max-video-preview":"max-video-preview:-1"},"canonical":"https:\/\/wayaly.com\/pruebas3\/producto\/xbox\/","og_locale":"es_ES","og_type":"article","og_title":"Xbox - Wayaly GiftCard","og_description":"Descubre la magia de regalar con facilidad: adquiere tu tarjeta de regalo del Grupo Inditex de manera segura y eficiente a trav\u00e9s de Wayaly. Descubre la nueva colecci\u00f3n de ZARA con las \u00faltimas tendencias en moda. La Tarjeta Regalo es v\u00e1lida en tiendas y webs del Grupo Inditex en Espa\u00f1a: Zara, Pull&amp;Bear, Massimo Dutti, Bershka, Stradivarius, Oysho, Zara Home, Lefties y Uterq\u00fce; y en las tiendas Kiddy's Class.","og_url":"https:\/\/wayaly.com\/pruebas3\/producto\/xbox\/","og_site_name":"Wayaly GiftCard","article_modified_time":"2023-12-30T10:30:00+00:00","og_image":[{"width":604,"height":612,"url":"https:\/\/wayaly.com\/pruebas3\/wp-content\/uploads\/2023\/12\/xbox.png","type":"image\/png"}],"twitter_card":"summary_large_image","twitter_site":"@Wayaly_","twitter_misc":{"Tiempo de lectura":"1 minuto"},"schema":{"@context":"https:\/\/schema.org","@graph":[{"@type":"WebPage","@id":"https:\/\/wayaly.com\/pruebas3\/producto\/xbox\/","url":"https:\/\/wayaly.com\/pruebas3\/producto\/xbox\/","name":"Xbox - Wayaly GiftCard","isPartOf":{"@id":"https:\/\/wayaly.com\/pruebas3\/#website"},"datePublished":"2023-12-30T10:28:57+00:00","dateModified":"2023-12-30T10:30:00+00:00","description":"Descubre la magia de regalar con facilidad: adquiere tu tarjeta de regalo del Grupo Inditex de manera segura y eficiente a trav\u00e9s de Wayaly. Descubre la nueva colecci\u00f3n de ZARA con las \u00faltimas tendencias en moda. La Tarjeta Regalo es v\u00e1lida en tiendas y webs del Grupo Inditex en Espa\u00f1a: Zara, Pull&amp;Bear, Massimo Dutti, Bershka, Stradivarius, Oysho, Zara Home, Lefties y Uterq\u00fce; y en las tiendas Kiddy's Class.","breadcrumb":{"@id":"https:\/\/wayaly.com\/pruebas3\/producto\/xbox\/#breadcrumb"},"inLanguage":"es","potentialAction":[{"@type":"ReadAction","target":["https:\/\/wayaly.com\/pruebas3\/producto\/xbox\/"]}]},{"@type":"BreadcrumbList","@id":"https:\/\/wayaly.com\/pruebas3\/producto\/xbox\/#breadcrumb","itemListElement":[{"@type":"ListItem","position":1,"name":"Portada","item":"https:\/\/wayaly.com\/pruebas3\/"},{"@type":"ListItem","position":2,"name":"Shop","item":"https:\/\/wayaly.com\/pruebas3\/shop\/"},{"@type":"ListItem","position":3,"name":"Xbox"}]},{"@type":"WebSite","@id":"https:\/\/wayaly.com\/pruebas3\/#website","url":"https:\/\/wayaly.com\/pruebas3\/","name":"Wayaly GiftCard","description":"Paga con USDT en Glovo, Primark, Zara y m\u00e1s con Waynance","publisher":{"@id":"https:\/\/wayaly.com\/pruebas3\/#organization"},"potentialAction":[{"@type":"SearchAction","target":{"@type":"EntryPoint","urlTemplate":"https:\/\/wayaly.com\/pruebas3\/?s={search_term_string}"},"query-input":"required name=search_term_string"}],"inLanguage":"es"},{"@type":"Organization","@id":"https:\/\/wayaly.com\/pruebas3\/#organization","name":"Wayaly GiftCard","url":"https:\/\/wayaly.com\/pruebas3\/","logo":{"@type":"ImageObject","inLanguage":"es","@id":"https:\/\/wayaly.com\/pruebas3\/#\/schema\/logo\/image\/","url":"https:\/\/wayaly.com\/pruebas3\/wp-content\/uploads\/2023\/12\/cropped-3.png","contentUrl":"https:\/\/wayaly.com\/pruebas3\/wp-content\/uploads\/2023\/12\/cropped-3.png","width":1110,"height":931,"caption":"Wayaly GiftCard"},"image":{"@id":"https:\/\/wayaly.com\/pruebas3\/#\/schema\/logo\/image\/"},"sameAs":["https:\/\/twitter.com\/Wayaly_"]}]}},"_links":{"self":[{"href":"https:\/\/wayaly.com\/pruebas3\/wp-json\/wp\/v2\/product\/1283","targetHints":{"allow":["GET"]}}],"collection":[{"href":"https:\/\/wayaly.com\/pruebas3\/wp-json\/wp\/v2\/product"}],"about":[{"href":"https:\/\/wayaly.com\/pruebas3\/wp-json\/wp\/v2\/types\/product"}],"replies":[{"embeddable":true,"href":"https:\/\/wayaly.com\/pruebas3\/wp-json\/wp\/v2\/comments?post=1283"}],"wp:featuredmedia":[{"embeddable":true,"href":"https:\/\/wayaly.com\/pruebas3\/wp-json\/wp\/v2\/media\/1284"}],"wp:attachment":[{"href":"https:\/\/wayaly.com\/pruebas3\/wp-json\/wp\/v2\/media?parent=1283"}],"wp:term":[{"taxonomy":"product_cat","embeddable":true,"href":"https:\/\/wayaly.com\/pruebas3\/wp-json\/wp\/v2\/product_cat?post=1283"},{"taxonomy":"product_tag","embeddable":true,"href":"https:\/\/wayaly.com\/pruebas3\/wp-json\/wp\/v2\/product_tag?post=1283"}],"curies":[{"name":"wp","href":"https:\/\/api.w.org\/{rel}","templated":true}]}}