{"id":1275,"date":"2023-12-30T12:22:53","date_gmt":"2023-12-30T10:22:53","guid":{"rendered":"https:\/\/wayaly.com\/pruebas3\/?post_type=product&#038;p=1275"},"modified":"2023-12-30T12:24:14","modified_gmt":"2023-12-30T10:24:14","slug":"el-corte-ingles","status":"publish","type":"product","link":"https:\/\/wayaly.com\/pruebas3\/producto\/el-corte-ingles\/","title":{"rendered":"El Corte Ingl\u00e9s"},"content":{"rendered":"<div class=\"b-tT1Bqf\">\n<div class=\"\" data-orientation=\"vertical\" data-state=\"open\">\n<div class=\"b-tT1Bqf\">\n<p>Wayaly te permite cubrir tus compras en El Corte Ingl\u00e9s pagando con Bitcoin, Ethereum, USDT, USDC, y otras criptomonedas, de forma r\u00e1pida, segura, y sin necesidad de registro previo. La entrega del c\u00f3digo digital es instant\u00e1nea, permitiendo que accedas a los servicios digitales de El Corte Ingl\u00e9s desde cualquier parte del mundo. Este proceso es realmente conveniente, te permitir\u00e1 gestionar tu saldo de tarjeta de manera efectiva y disfrutar de un c\u00f3modo canje en l\u00ednea.<\/p>\n<p><strong>Canjear<\/strong><\/p>\n<p>Recibir\u00e1s un C\u00f3digo Virtual y un Pin asociado que se pueden utilizar en las tiendas f\u00edsicas de El Corte Ingl\u00e9s, Hipercor, Supercor, Opencor, Bricor, Viajes Corte Ingl\u00e9s y Sfera. Y tambi\u00e9n ONLINE al realizar compras en\u00a0<a href=\"http:\/\/www.elcorteingles.es\/\" target=\"_blank\" rel=\"noopener noreferrer nofollow\">www.elcorteingles.ES<\/a>\u00a0y si est\u00e1s fuera de Espa\u00f1a en\u00a0<a href=\"http:\/\/www.elcorteingles.com\/\" target=\"_blank\" rel=\"noopener noreferrer nofollow\">www.elcorteingles.COM<\/a>. V\u00e1lido en todos los productos disponibles online excepto en colchones, muebles (a medida o personalizados), aire acondicionado, flores y regalos y supermercado.<\/p>\n<p>&nbsp;<\/p>\n<p>Si deseas pagar en un centro comercial con el C\u00f3digo Digital, podr\u00e1s hacerlo a trav\u00e9s de la app de El Corte Ingl\u00e9s. Para ello, deber\u00e1s descargarte primero la app de El Corte Ingl\u00e9s y asociar una forma de pago principal. Si ya la tienes instalada en tu tel\u00e9fono, deber\u00e1s incluir el c\u00f3digo completo en tu cartera digital como una \u201ctarjeta regalo\u201d. Una vez hecho, deber\u00e1s seleccionar ambas formas de pago (tarjeta principal y tarjeta regalo) para generar un c\u00f3digo QR y ya podr\u00e1s realizar el pago.<\/p>\n<p>&nbsp;<\/p>\n<p>Puedes utilizar hasta un m\u00e1ximo de 10 c\u00f3digos por compra. C\u00f3digos no canjeables por dinero en efectivo. Lo c\u00f3digos no caducan. Si el importe de la compra supera el saldo disponible podr\u00e1 abonarse la diferencia con cualquiera de los m\u00e9todos de pago indicados en \u201cformas de pago\u201d. En caso de que el importe de la compra sea inferior al del c\u00f3digo, el saldo restante podr\u00e1 utilizarse para pr\u00f3ximas compras. No se abonar\u00e1 la diferencia en met\u00e1lico. No se admitir\u00e1n devoluciones una vez realizada la compra de tu c\u00f3digo virtual de El Corte Ingl\u00e9s.<\/p>\n<p>&nbsp;<\/p>\n<ul>\n<li><strong>Ropa:<\/strong>\u00a0Adquiere las \u00faltimas tendencias en moda.<\/li>\n<li><strong>Electr\u00f3nica:<\/strong>\u00a0Compra los mejores dispositivos tecnol\u00f3gicos.<\/li>\n<li><strong>Art\u00edculos para el hogar:<\/strong>\u00a0Renueva tu casa con los productos m\u00e1s novedosos.<\/li>\n<li><strong>Equipos deportivos:<\/strong>\u00a0Mant\u00e9n un estilo de vida activo con el equipo adecuado.<\/li>\n<li><strong>Comida gourmet:<\/strong>\u00a0Deleita tu paladar con productos de alta calidad.<\/li>\n<\/ul>\n<\/div>\n<\/div>\n<\/div>\n","protected":false},"excerpt":{"rendered":"<div class=\"b-oJvLzB\" data-state=\"open\" data-orientation=\"vertical\">\n<div id=\"radix-:rbv:\" class=\"b-NGwsL7\" role=\"region\" data-state=\"open\" aria-labelledby=\"radix-:rbu:\" data-orientation=\"vertical\">\n<div class=\"b-tT1Bqf\">\n<div class=\"b-oJvLzB\" data-state=\"open\" data-orientation=\"vertical\">\n<div id=\"radix-:r4p:\" class=\"b-NGwsL7\" role=\"region\" data-state=\"open\" aria-labelledby=\"radix-:r4o:\" data-orientation=\"vertical\">\n<div class=\"b-tT1Bqf\">\n<p>El Corte Ingl\u00e9s es el mayor grupo de tiendas departamentales de Europa, ofreciendo una extensa variedad de productos, desde ropa hasta comida gourmet y electr\u00f3nicos. Ahora puedes disfrutar de una experiencia de compra completa, pagando con criptomonedas a trav\u00e9s de Wayaly.<\/p>\n<\/div>\n<\/div>\n<\/div>\n<div class=\"b-oJvLzB\" data-state=\"closed\" data-orientation=\"vertical\">\n<div class=\"\" data-orientation=\"vertical\" data-state=\"closed\"><\/div>\n<\/div>\n<p>&nbsp;<\/p>\n<\/div>\n<\/div>\n<\/div>\n","protected":false},"featured_media":1276,"comment_status":"open","ping_status":"closed","template":"","meta":[],"product_cat":[59],"product_tag":[],"class_list":{"0":"post-1275","1":"product","2":"type-product","3":"status-publish","4":"has-post-thumbnail","6":"product_cat-el-corte-ingles","8":"first","9":"instock","10":"virtual","11":"purchasable","12":"product-type-simple"},"yoast_head":"<!-- This site is optimized with the Yoast SEO plugin v21.7 - https:\/\/yoast.com\/wordpress\/plugins\/seo\/ -->\n<title>El Corte Ingl\u00e9s - Wayaly GiftCard<\/title>\n<meta name=\"description\" content=\"Descubre la magia de regalar con facilidad: adquiere tu tarjeta de regalo del Grupo Inditex de manera segura y eficiente a trav\u00e9s de Wayaly. Descubre la nueva colecci\u00f3n de ZARA con las \u00faltimas tendencias en moda. La Tarjeta Regalo es v\u00e1lida en tiendas y webs del Grupo Inditex en Espa\u00f1a: Zara, Pull&amp;Bear, Massimo Dutti, Bershka, Stradivarius, Oysho, Zara Home, Lefties y Uterq\u00fce; y en las tiendas Kiddy&#039;s Class.\" \/>\n<meta name=\"robots\" content=\"index, follow, max-snippet:-1, max-image-preview:large, max-video-preview:-1\" \/>\n<link rel=\"canonical\" href=\"https:\/\/wayaly.com\/pruebas3\/producto\/el-corte-ingles\/\" \/>\n<meta property=\"og:locale\" content=\"es_ES\" \/>\n<meta property=\"og:type\" content=\"article\" \/>\n<meta property=\"og:title\" content=\"El Corte Ingl\u00e9s - Wayaly GiftCard\" \/>\n<meta property=\"og:description\" content=\"Descubre la magia de regalar con facilidad: adquiere tu tarjeta de regalo del Grupo Inditex de manera segura y eficiente a trav\u00e9s de Wayaly. Descubre la nueva colecci\u00f3n de ZARA con las \u00faltimas tendencias en moda. La Tarjeta Regalo es v\u00e1lida en tiendas y webs del Grupo Inditex en Espa\u00f1a: Zara, Pull&amp;Bear, Massimo Dutti, Bershka, Stradivarius, Oysho, Zara Home, Lefties y Uterq\u00fce; y en las tiendas Kiddy&#039;s Class.\" \/>\n<meta property=\"og:url\" content=\"https:\/\/wayaly.com\/pruebas3\/producto\/el-corte-ingles\/\" \/>\n<meta property=\"og:site_name\" content=\"Wayaly GiftCard\" \/>\n<meta property=\"article:modified_time\" content=\"2023-12-30T10:24:14+00:00\" \/>\n<meta property=\"og:image\" content=\"https:\/\/wayaly.com\/pruebas3\/wp-content\/uploads\/2023\/12\/ci.png\" \/>\n\t<meta property=\"og:image:width\" content=\"604\" \/>\n\t<meta property=\"og:image:height\" content=\"612\" \/>\n\t<meta property=\"og:image:type\" content=\"image\/png\" \/>\n<meta name=\"twitter:card\" content=\"summary_large_image\" \/>\n<meta name=\"twitter:site\" content=\"@Wayaly_\" \/>\n<meta name=\"twitter:label1\" content=\"Tiempo de lectura\" \/>\n\t<meta name=\"twitter:data1\" content=\"1 minuto\" \/>\n<script type=\"application\/ld+json\" class=\"yoast-schema-graph\">{\"@context\":\"https:\/\/schema.org\",\"@graph\":[{\"@type\":\"WebPage\",\"@id\":\"https:\/\/wayaly.com\/pruebas3\/producto\/el-corte-ingles\/\",\"url\":\"https:\/\/wayaly.com\/pruebas3\/producto\/el-corte-ingles\/\",\"name\":\"El Corte Ingl\u00e9s - Wayaly GiftCard\",\"isPartOf\":{\"@id\":\"https:\/\/wayaly.com\/pruebas3\/#website\"},\"datePublished\":\"2023-12-30T10:22:53+00:00\",\"dateModified\":\"2023-12-30T10:24:14+00:00\",\"description\":\"Descubre la magia de regalar con facilidad: adquiere tu tarjeta de regalo del Grupo Inditex de manera segura y eficiente a trav\u00e9s de Wayaly. Descubre la nueva colecci\u00f3n de ZARA con las \u00faltimas tendencias en moda. La Tarjeta Regalo es v\u00e1lida en tiendas y webs del Grupo Inditex en Espa\u00f1a: Zara, Pull&amp;Bear, Massimo Dutti, Bershka, Stradivarius, Oysho, Zara Home, Lefties y Uterq\u00fce; y en las tiendas Kiddy's Class.\",\"breadcrumb\":{\"@id\":\"https:\/\/wayaly.com\/pruebas3\/producto\/el-corte-ingles\/#breadcrumb\"},\"inLanguage\":\"es\",\"potentialAction\":[{\"@type\":\"ReadAction\",\"target\":[\"https:\/\/wayaly.com\/pruebas3\/producto\/el-corte-ingles\/\"]}]},{\"@type\":\"BreadcrumbList\",\"@id\":\"https:\/\/wayaly.com\/pruebas3\/producto\/el-corte-ingles\/#breadcrumb\",\"itemListElement\":[{\"@type\":\"ListItem\",\"position\":1,\"name\":\"Portada\",\"item\":\"https:\/\/wayaly.com\/pruebas3\/\"},{\"@type\":\"ListItem\",\"position\":2,\"name\":\"Shop\",\"item\":\"https:\/\/wayaly.com\/pruebas3\/shop\/\"},{\"@type\":\"ListItem\",\"position\":3,\"name\":\"El Corte Ingl\u00e9s\"}]},{\"@type\":\"WebSite\",\"@id\":\"https:\/\/wayaly.com\/pruebas3\/#website\",\"url\":\"https:\/\/wayaly.com\/pruebas3\/\",\"name\":\"Wayaly GiftCard\",\"description\":\"Paga con USDT en Glovo, Primark, Zara y m\u00e1s con Waynance\",\"publisher\":{\"@id\":\"https:\/\/wayaly.com\/pruebas3\/#organization\"},\"potentialAction\":[{\"@type\":\"SearchAction\",\"target\":{\"@type\":\"EntryPoint\",\"urlTemplate\":\"https:\/\/wayaly.com\/pruebas3\/?s={search_term_string}\"},\"query-input\":\"required name=search_term_string\"}],\"inLanguage\":\"es\"},{\"@type\":\"Organization\",\"@id\":\"https:\/\/wayaly.com\/pruebas3\/#organization\",\"name\":\"Wayaly GiftCard\",\"url\":\"https:\/\/wayaly.com\/pruebas3\/\",\"logo\":{\"@type\":\"ImageObject\",\"inLanguage\":\"es\",\"@id\":\"https:\/\/wayaly.com\/pruebas3\/#\/schema\/logo\/image\/\",\"url\":\"https:\/\/wayaly.com\/pruebas3\/wp-content\/uploads\/2023\/12\/cropped-3.png\",\"contentUrl\":\"https:\/\/wayaly.com\/pruebas3\/wp-content\/uploads\/2023\/12\/cropped-3.png\",\"width\":1110,\"height\":931,\"caption\":\"Wayaly GiftCard\"},\"image\":{\"@id\":\"https:\/\/wayaly.com\/pruebas3\/#\/schema\/logo\/image\/\"},\"sameAs\":[\"https:\/\/twitter.com\/Wayaly_\"]}]}<\/script>\n<!-- \/ Yoast SEO plugin. -->","yoast_head_json":{"title":"El Corte Ingl\u00e9s - Wayaly GiftCard","description":"Descubre la magia de regalar con facilidad: adquiere tu tarjeta de regalo del Grupo Inditex de manera segura y eficiente a trav\u00e9s de Wayaly. Descubre la nueva colecci\u00f3n de ZARA con las \u00faltimas tendencias en moda. La Tarjeta Regalo es v\u00e1lida en tiendas y webs del Grupo Inditex en Espa\u00f1a: Zara, Pull&amp;Bear, Massimo Dutti, Bershka, Stradivarius, Oysho, Zara Home, Lefties y Uterq\u00fce; y en las tiendas Kiddy's Class.","robots":{"index":"index","follow":"follow","max-snippet":"max-snippet:-1","max-image-preview":"max-image-preview:large","max-video-preview":"max-video-preview:-1"},"canonical":"https:\/\/wayaly.com\/pruebas3\/producto\/el-corte-ingles\/","og_locale":"es_ES","og_type":"article","og_title":"El Corte Ingl\u00e9s - Wayaly GiftCard","og_description":"Descubre la magia de regalar con facilidad: adquiere tu tarjeta de regalo del Grupo Inditex de manera segura y eficiente a trav\u00e9s de Wayaly. Descubre la nueva colecci\u00f3n de ZARA con las \u00faltimas tendencias en moda. La Tarjeta Regalo es v\u00e1lida en tiendas y webs del Grupo Inditex en Espa\u00f1a: Zara, Pull&amp;Bear, Massimo Dutti, Bershka, Stradivarius, Oysho, Zara Home, Lefties y Uterq\u00fce; y en las tiendas Kiddy's Class.","og_url":"https:\/\/wayaly.com\/pruebas3\/producto\/el-corte-ingles\/","og_site_name":"Wayaly GiftCard","article_modified_time":"2023-12-30T10:24:14+00:00","og_image":[{"width":604,"height":612,"url":"https:\/\/wayaly.com\/pruebas3\/wp-content\/uploads\/2023\/12\/ci.png","type":"image\/png"}],"twitter_card":"summary_large_image","twitter_site":"@Wayaly_","twitter_misc":{"Tiempo de lectura":"1 minuto"},"schema":{"@context":"https:\/\/schema.org","@graph":[{"@type":"WebPage","@id":"https:\/\/wayaly.com\/pruebas3\/producto\/el-corte-ingles\/","url":"https:\/\/wayaly.com\/pruebas3\/producto\/el-corte-ingles\/","name":"El Corte Ingl\u00e9s - Wayaly GiftCard","isPartOf":{"@id":"https:\/\/wayaly.com\/pruebas3\/#website"},"datePublished":"2023-12-30T10:22:53+00:00","dateModified":"2023-12-30T10:24:14+00:00","description":"Descubre la magia de regalar con facilidad: adquiere tu tarjeta de regalo del Grupo Inditex de manera segura y eficiente a trav\u00e9s de Wayaly. Descubre la nueva colecci\u00f3n de ZARA con las \u00faltimas tendencias en moda. La Tarjeta Regalo es v\u00e1lida en tiendas y webs del Grupo Inditex en Espa\u00f1a: Zara, Pull&amp;Bear, Massimo Dutti, Bershka, Stradivarius, Oysho, Zara Home, Lefties y Uterq\u00fce; y en las tiendas Kiddy's Class.","breadcrumb":{"@id":"https:\/\/wayaly.com\/pruebas3\/producto\/el-corte-ingles\/#breadcrumb"},"inLanguage":"es","potentialAction":[{"@type":"ReadAction","target":["https:\/\/wayaly.com\/pruebas3\/producto\/el-corte-ingles\/"]}]},{"@type":"BreadcrumbList","@id":"https:\/\/wayaly.com\/pruebas3\/producto\/el-corte-ingles\/#breadcrumb","itemListElement":[{"@type":"ListItem","position":1,"name":"Portada","item":"https:\/\/wayaly.com\/pruebas3\/"},{"@type":"ListItem","position":2,"name":"Shop","item":"https:\/\/wayaly.com\/pruebas3\/shop\/"},{"@type":"ListItem","position":3,"name":"El Corte Ingl\u00e9s"}]},{"@type":"WebSite","@id":"https:\/\/wayaly.com\/pruebas3\/#website","url":"https:\/\/wayaly.com\/pruebas3\/","name":"Wayaly GiftCard","description":"Paga con USDT en Glovo, Primark, Zara y m\u00e1s con Waynance","publisher":{"@id":"https:\/\/wayaly.com\/pruebas3\/#organization"},"potentialAction":[{"@type":"SearchAction","target":{"@type":"EntryPoint","urlTemplate":"https:\/\/wayaly.com\/pruebas3\/?s={search_term_string}"},"query-input":"required name=search_term_string"}],"inLanguage":"es"},{"@type":"Organization","@id":"https:\/\/wayaly.com\/pruebas3\/#organization","name":"Wayaly GiftCard","url":"https:\/\/wayaly.com\/pruebas3\/","logo":{"@type":"ImageObject","inLanguage":"es","@id":"https:\/\/wayaly.com\/pruebas3\/#\/schema\/logo\/image\/","url":"https:\/\/wayaly.com\/pruebas3\/wp-content\/uploads\/2023\/12\/cropped-3.png","contentUrl":"https:\/\/wayaly.com\/pruebas3\/wp-content\/uploads\/2023\/12\/cropped-3.png","width":1110,"height":931,"caption":"Wayaly GiftCard"},"image":{"@id":"https:\/\/wayaly.com\/pruebas3\/#\/schema\/logo\/image\/"},"sameAs":["https:\/\/twitter.com\/Wayaly_"]}]}},"_links":{"self":[{"href":"https:\/\/wayaly.com\/pruebas3\/wp-json\/wp\/v2\/product\/1275","targetHints":{"allow":["GET"]}}],"collection":[{"href":"https:\/\/wayaly.com\/pruebas3\/wp-json\/wp\/v2\/product"}],"about":[{"href":"https:\/\/wayaly.com\/pruebas3\/wp-json\/wp\/v2\/types\/product"}],"replies":[{"embeddable":true,"href":"https:\/\/wayaly.com\/pruebas3\/wp-json\/wp\/v2\/comments?post=1275"}],"wp:featuredmedia":[{"embeddable":true,"href":"https:\/\/wayaly.com\/pruebas3\/wp-json\/wp\/v2\/media\/1276"}],"wp:attachment":[{"href":"https:\/\/wayaly.com\/pruebas3\/wp-json\/wp\/v2\/media?parent=1275"}],"wp:term":[{"taxonomy":"product_cat","embeddable":true,"href":"https:\/\/wayaly.com\/pruebas3\/wp-json\/wp\/v2\/product_cat?post=1275"},{"taxonomy":"product_tag","embeddable":true,"href":"https:\/\/wayaly.com\/pruebas3\/wp-json\/wp\/v2\/product_tag?post=1275"}],"curies":[{"name":"wp","href":"https:\/\/api.w.org\/{rel}","templated":true}]}}