{"id":1187,"date":"2023-12-30T11:37:48","date_gmt":"2023-12-30T09:37:48","guid":{"rendered":"https:\/\/wayaly.com\/pruebas3\/?page_id=1187"},"modified":"2023-12-30T11:37:49","modified_gmt":"2023-12-30T09:37:49","slug":"politica-de-cookies","status":"publish","type":"page","link":"https:\/\/wayaly.com\/pruebas3\/politica-de-cookies\/","title":{"rendered":"Pol\u00edtica De Cookies"},"content":{"rendered":"<p>La actual legislaci\u00f3n LSSI (Ley de la Sociedad de la informaci\u00f3n y el Comercio electr\u00f3nico) me obliga como titular de https:\/\/wayaly.com a informar sobre las cookies que se descargan en esta web, en especial sobre las cookies de terceros. Aunque es imposible hacerlo de manera estricta (dado que la mayor\u00eda dependen exclusivamente de servicios como Google) al menos en este sitio se intentar\u00e1 responder a la realidad.<\/p>\n<p>\u00bfQu\u00e9 es una cookie?<\/p>\n<p>Una cookie es un fichero que se descarga en tu ordenador al acceder a determinadas p\u00e1ginas web. Las cookies permiten a una p\u00e1gina web, entre otras cosas, almacenar y recuperar informaci\u00f3n sobre los h\u00e1bitos de navegaci\u00f3n de un usuario o de su equipo y, dependiendo de la informaci\u00f3n que contengan y de la forma en que utilice su equipo, pueden utilizarse para reconocer al usuario y recopilar informaci\u00f3n de car\u00e1cter personal.<\/p>\n<p>As\u00ed, hay cookies que obtienen informaci\u00f3n relacionada con el n\u00famero de p\u00e1ginas visitadas, la ciudad a la que est\u00e1 asignada la direcci\u00f3n IP desde la que se accede, el n\u00famero de nuevos usuarios, la frecuencia y reincidencia de las visitas, el tiempo de visita, el navegador, el operador o el tipo de terminal desde el que se realiza la visita.<\/p>\n<p>\u00bfQu\u00e9 tipos de cookies se utilizan en esta p\u00e1gina web?<\/p>\n<p>Al acceder a la web https:\/\/wayaly.com te informo que si sigue navegando se le instalar\u00e1n diversas cookies propias y de terceros correspondientes a las an\u00e1lisis de la web (a modo de ejemplo: Google Analytics o herramientas similares) para ayudar al website a analizar el uso que hacen los Usuarios del sitio web y mejorar la usabilidad del mismo, pero en ning\u00fan caso se asocian a datos que pudieran llegar a identificar al usuario.<\/p>\n<p>A continuaci\u00f3n, en cumplimiento de lo establecido en el art\u00edculo 22.2 de la LSSI exponemos las cookies que pueden instalarse habitualmente durante la navegaci\u00f3n por este sitio web:<\/p>\n<p>Cookies Finalidad<br \/>\nEstrictamente necesarias Gesti\u00f3n del registro: lleva un registro exhaustivo del n\u00famero de veces que cada formulario es expuesto a cada usuario y su efectividad en t\u00e9rminos de conversi\u00f3n.<br \/>\nCookies Finalidad<br \/>\nAnal\u00edticas Google Analitycs, Ver Pol\u00edtica de cookies_utma __utmb __utmc__utmt __utmz _ga__gat Informes estad\u00edsticos sobre el tr\u00e1fico del sitio web, su audiencia total. An\u00e1lisis: Se usan para distinguir usuarios y sesiones.Para determinar la sesi\u00f3n de un visitante. Se establecen cuando un visitante entra en el sitio y caduca al finalizar la sesi\u00f3n del navegador.Tambi\u00e9n se utilizan para averiguar c\u00f3mo ha llegado el visitante a esta web, por ejemplo, a trav\u00e9s del resultado de un motor de b\u00fasqueda, o a trav\u00e9s de un enlace directo o de un anuncio que enlaza con el sitio.<br \/>\nPHPSESSID Cookie de sesi\u00f3n<br \/>\nGetClicky<br \/>\nYour Own<br \/>\n.sitelock.com<br \/>\ncampus.themeisland.net<br \/>\ncdn.syndication.twimg.com<br \/>\nmailmunch_subscribedmailmunch_second_pageview Cookie del formulario de suscripci\u00f3n.<br \/>\ncdp-cookies-plugin-wp Plugin para advertir sobre las cookies<br \/>\nwordfence_verifiedHuman<br \/>\nwfvt_1136502799<br \/>\nbitrix24.d-it.ru<br \/>\n_hjUserId<br \/>\n_hjDonePolls<br \/>\n_hjMinimizedPolls<br \/>\nCookies t\u00e9cnicas, de an\u00e1lisis y de redes sociales<\/p>\n<p>Como se explica al inicio, esta web utiliza servicios de an\u00e1lisis, concretamente, Google Analytics para ayudar al website a analizar el uso que hacen los Usuarios del sitio web y mejorar la usabilidad del mismo, pero en ning\u00fan caso se asocian a datos que pudieran llegar a identificar al usuario.<\/p>\n<p>Google Analytics, es un servicio anal\u00edtico de web prestado por Google, Inc., una compa\u00f1\u00eda de Delaware cuya oficina principal est\u00e1 en 1600 Amphitheatre Parkway, Mountain View (California), CA 94043, Estados Unidos (\u201cGoogle\u201d). El usuario puede consultar el tipo de cookies utilizadas por Google.<\/p>\n<p>Finalmente, tal y como requieren los t\u00e9rminos y condiciones de Google Analytics, incluimos su correspondiente aviso:<\/p>\n<p>\u201cEsta p\u00e1gina web utiliza Google Analytics, un servicio anal\u00edtico de web prestado por Google, Inc., una compa\u00f1\u00eda de Delaware cuya oficina principal est\u00e1 en 1600 Amphitheatre Parkway, Mountain View (California), CA 94043, Estados Unidos (\u201cGoogle\u201d). Google Analytics utiliza \u201ccookies\u201d, que son archivos de texto ubicados en su ordenador, para ayudar al website a analizar el uso que hacen los usuarios del sitio web. La informaci\u00f3n que genera la cookie acerca de su uso del website (incluyendo su direcci\u00f3n IP) ser\u00e1 directamente transmitida y archivada por Google en los servidores de Estados Unidos. Google usar\u00e1 esta informaci\u00f3n por cuenta nuestra con el prop\u00f3sito de seguir la pista de su uso del website, recopilando informes de la actividad del website y prestando otros servicios relacionados con la actividad del website y el uso de Internet. Google podr\u00e1 transmitir dicha informaci\u00f3n a terceros cuando as\u00ed se lo requiera la legislaci\u00f3n, o cuando dichos terceros procesen la informaci\u00f3n por cuenta de Google. Google no asociar\u00e1 su direcci\u00f3n IP con ning\u00fan otro dato del que disponga Google. Puede Usted rechazar el tratamiento de los datos o la informaci\u00f3n rechazando el uso de cookies mediante la selecci\u00f3n de la configuraci\u00f3n apropiada de su navegador, sin embargo, debe Usted saber que si lo hace puede ser que no pueda usar la plena funcionabilidad de este website. Al utilizar este website Usted consiente el tratamiento de informaci\u00f3n acerca de Usted por Google en la forma y para los fines arriba indicados\u201d.<\/p>\n<p>Al utilizar este sitio web, sin desactivar estas cookies, el usuario est\u00e1 consintiendo el tratamiento de su informaci\u00f3n por Google. Por tanto, el ejercicio de cualquier derecho en este sentido deber\u00e1 hacerlo comunicando directamente con Google.<\/p>\n<p>Cookies de redes sociales<br \/>\nLas Cookies de redes sociales pueden almacenarse en su navegador mientras navega por https:\/\/wayaly.com por ejemplo, cuando utiliza el bot\u00f3n de compartir contenidos de https:\/\/wayaly.com en alguna red social.<\/p>\n<p>Las empresas que generan estas cookies correspondientes a las redes sociales que utiliza esta web tienen sus propias pol\u00edticas de cookies.<\/p>\n<p>Cookie de Twitter, seg\u00fan lo dispuesto en su pol\u00edtica de privacidad y uso de cookies.<br \/>\nCookie de Pinterest, seg\u00fan lo dispuesto en su Pol\u00edtica de privacidad y uso de cookies.<br \/>\nCookie de Linkedin, seg\u00fan lo dispuesto en su Pol\u00edtica de cookies.<br \/>\nCookie de Facebook, seg\u00fan lo dispuesto en su Pol\u00edtica de Cookies.<br \/>\nCookie de Google+ y Google Maps, seg\u00fan lo dispuesto en su p\u00e1gina sobre qu\u00e9 tipo de cookies utilizan.<br \/>\n\u00bfC\u00f3mo se gestionan las cookies?<\/p>\n<p>Puesto que las cookies son archivos de texto normales, se pueden explorar con la mayor\u00eda de editores de texto o programas de procesamiento de texto. Puede hacer clic en una cookie para abrirla. A continuaci\u00f3n, se indica una lista de enlaces sobre c\u00f3mo ver cookies en diferentes navegadores. Si utiliza otro navegador, consulte la informaci\u00f3n sobre cookies en el propio navegador. Si utiliza un tel\u00e9fono m\u00f3vil, consulte el manual del dispositivo para obtener m\u00e1s informaci\u00f3n.<\/p>\n<p>Desactivaci\u00f3n de cookies<br \/>\nDado que las cookies no son estrictamente necesarias para navegar por este sitio web, Ud. puede bloquearlas o deshabilitarlas, total o parcialmente, a trav\u00e9s de la configuraci\u00f3n de las opciones de su navegador de Internet. Todos los navegadores permiten el cambio en la configuraci\u00f3n de las cookies.<br \/>\nAsimismo, tiene la posibilidad de revocar en cualquier momento el consentimiento prestado para la utilizaci\u00f3n de cookies por parte de https:\/\/wayaly.com , configurando para ello su navegador. Para deshabilitar las cookies modificando la configuraci\u00f3n de su navegador, puede seguir las instrucciones que especifica cada navegador:<\/p>\n<p>Chrome.<br \/>\nChrome para Android.<br \/>\nFirefox.<br \/>\nExplorer.<br \/>\nSafari.<br \/>\nSafari para IOS (iPhone y iPad).<br \/>\nWindows 10: Microsoft Edge.<\/p>\n<p>Adem\u00e1s, si el usuario no desea que sus datos se recopilen con Google Analytics, puede instalar su complemento de inhabilitaci\u00f3n para navegadores. M\u00e1s informaci\u00f3n aqu\u00ed<\/p>\n<p>Advertencia final sobre cookies:<\/p>\n<p>Teniendo en cuenta la forma en la que funciona Internet y los sitios web, no siempre contamos con informaci\u00f3n de las cookies que colocan terceras partes a trav\u00e9s de nuestro sitio web. Esto se aplica especialmente a casos en los que nuestra p\u00e1gina web contiene lo que se denominan elementos integrados: textos, documentos, im\u00e1genes o breves pel\u00edculas que se almacenan en otra parte, pero se muestran en nuestro sitio web o a trav\u00e9s del mismo.<br \/>\nPor consiguiente, en caso de que se encuentre con este tipo de cookies en este sitio web y no est\u00e9n enumeradas en la lista anterior, le rogamos que nos lo comunique. O bien p\u00f3ngase en contacto directamente con el tercero para pedirle informaci\u00f3n sobre las cookies que coloca, la finalidad y la duraci\u00f3n de la cookie, y c\u00f3mo ha garantizado su privacidad.<\/p>\n","protected":false},"excerpt":{"rendered":"<p>La actual legislaci\u00f3n LSSI (Ley de la Sociedad de la informaci\u00f3n y el Comercio electr\u00f3nico) me obliga como titular de https:\/\/wayaly.com a informar sobre las cookies que se descargan en esta web, en especial sobre las cookies de terceros. Aunque es imposible hacerlo de manera estricta (dado que la mayor\u00eda dependen exclusivamente de servicios como [&hellip;]<\/p>\n","protected":false},"author":1,"featured_media":0,"parent":0,"menu_order":0,"comment_status":"closed","ping_status":"closed","template":"","meta":{"footnotes":""},"class_list":["post-1187","page","type-page","status-publish","hentry"],"yoast_head":"<!-- This site is optimized with the Yoast SEO plugin v21.7 - https:\/\/yoast.com\/wordpress\/plugins\/seo\/ -->\n<title>Pol\u00edtica De Cookies - Wayaly GiftCard<\/title>\n<meta name=\"robots\" content=\"index, follow, max-snippet:-1, max-image-preview:large, max-video-preview:-1\" \/>\n<link rel=\"canonical\" href=\"https:\/\/wayaly.com\/pruebas3\/politica-de-cookies\/\" \/>\n<meta property=\"og:locale\" content=\"es_ES\" \/>\n<meta property=\"og:type\" content=\"article\" \/>\n<meta property=\"og:title\" content=\"Pol\u00edtica De Cookies - Wayaly GiftCard\" \/>\n<meta property=\"og:description\" content=\"La actual legislaci\u00f3n LSSI (Ley de la Sociedad de la informaci\u00f3n y el Comercio electr\u00f3nico) me obliga como titular de https:\/\/wayaly.com a informar sobre las cookies que se descargan en esta web, en especial sobre las cookies de terceros. Aunque es imposible hacerlo de manera estricta (dado que la mayor\u00eda dependen exclusivamente de servicios como [&hellip;]\" \/>\n<meta property=\"og:url\" content=\"https:\/\/wayaly.com\/pruebas3\/politica-de-cookies\/\" \/>\n<meta property=\"og:site_name\" content=\"Wayaly GiftCard\" \/>\n<meta property=\"article:modified_time\" content=\"2023-12-30T09:37:49+00:00\" \/>\n<meta name=\"twitter:card\" content=\"summary_large_image\" \/>\n<meta name=\"twitter:site\" content=\"@Wayaly_\" \/>\n<meta name=\"twitter:label1\" content=\"Tiempo de lectura\" \/>\n\t<meta name=\"twitter:data1\" content=\"7 minutos\" \/>\n<script type=\"application\/ld+json\" class=\"yoast-schema-graph\">{\"@context\":\"https:\/\/schema.org\",\"@graph\":[{\"@type\":\"WebPage\",\"@id\":\"https:\/\/wayaly.com\/pruebas3\/politica-de-cookies\/\",\"url\":\"https:\/\/wayaly.com\/pruebas3\/politica-de-cookies\/\",\"name\":\"Pol\u00edtica De Cookies - Wayaly GiftCard\",\"isPartOf\":{\"@id\":\"https:\/\/wayaly.com\/pruebas3\/#website\"},\"datePublished\":\"2023-12-30T09:37:48+00:00\",\"dateModified\":\"2023-12-30T09:37:49+00:00\",\"breadcrumb\":{\"@id\":\"https:\/\/wayaly.com\/pruebas3\/politica-de-cookies\/#breadcrumb\"},\"inLanguage\":\"es\",\"potentialAction\":[{\"@type\":\"ReadAction\",\"target\":[\"https:\/\/wayaly.com\/pruebas3\/politica-de-cookies\/\"]}]},{\"@type\":\"BreadcrumbList\",\"@id\":\"https:\/\/wayaly.com\/pruebas3\/politica-de-cookies\/#breadcrumb\",\"itemListElement\":[{\"@type\":\"ListItem\",\"position\":1,\"name\":\"Portada\",\"item\":\"https:\/\/wayaly.com\/pruebas3\/\"},{\"@type\":\"ListItem\",\"position\":2,\"name\":\"Pol\u00edtica De Cookies\"}]},{\"@type\":\"WebSite\",\"@id\":\"https:\/\/wayaly.com\/pruebas3\/#website\",\"url\":\"https:\/\/wayaly.com\/pruebas3\/\",\"name\":\"Wayaly GiftCard\",\"description\":\"Paga con USDT en Glovo, Primark, Zara y m\u00e1s con Waynance\",\"publisher\":{\"@id\":\"https:\/\/wayaly.com\/pruebas3\/#organization\"},\"potentialAction\":[{\"@type\":\"SearchAction\",\"target\":{\"@type\":\"EntryPoint\",\"urlTemplate\":\"https:\/\/wayaly.com\/pruebas3\/?s={search_term_string}\"},\"query-input\":\"required name=search_term_string\"}],\"inLanguage\":\"es\"},{\"@type\":\"Organization\",\"@id\":\"https:\/\/wayaly.com\/pruebas3\/#organization\",\"name\":\"Wayaly GiftCard\",\"url\":\"https:\/\/wayaly.com\/pruebas3\/\",\"logo\":{\"@type\":\"ImageObject\",\"inLanguage\":\"es\",\"@id\":\"https:\/\/wayaly.com\/pruebas3\/#\/schema\/logo\/image\/\",\"url\":\"https:\/\/wayaly.com\/pruebas3\/wp-content\/uploads\/2023\/12\/cropped-3.png\",\"contentUrl\":\"https:\/\/wayaly.com\/pruebas3\/wp-content\/uploads\/2023\/12\/cropped-3.png\",\"width\":1110,\"height\":931,\"caption\":\"Wayaly GiftCard\"},\"image\":{\"@id\":\"https:\/\/wayaly.com\/pruebas3\/#\/schema\/logo\/image\/\"},\"sameAs\":[\"https:\/\/twitter.com\/Wayaly_\"]}]}<\/script>\n<!-- \/ Yoast SEO plugin. -->","yoast_head_json":{"title":"Pol\u00edtica De Cookies - Wayaly GiftCard","robots":{"index":"index","follow":"follow","max-snippet":"max-snippet:-1","max-image-preview":"max-image-preview:large","max-video-preview":"max-video-preview:-1"},"canonical":"https:\/\/wayaly.com\/pruebas3\/politica-de-cookies\/","og_locale":"es_ES","og_type":"article","og_title":"Pol\u00edtica De Cookies - Wayaly GiftCard","og_description":"La actual legislaci\u00f3n LSSI (Ley de la Sociedad de la informaci\u00f3n y el Comercio electr\u00f3nico) me obliga como titular de https:\/\/wayaly.com a informar sobre las cookies que se descargan en esta web, en especial sobre las cookies de terceros. Aunque es imposible hacerlo de manera estricta (dado que la mayor\u00eda dependen exclusivamente de servicios como [&hellip;]","og_url":"https:\/\/wayaly.com\/pruebas3\/politica-de-cookies\/","og_site_name":"Wayaly GiftCard","article_modified_time":"2023-12-30T09:37:49+00:00","twitter_card":"summary_large_image","twitter_site":"@Wayaly_","twitter_misc":{"Tiempo de lectura":"7 minutos"},"schema":{"@context":"https:\/\/schema.org","@graph":[{"@type":"WebPage","@id":"https:\/\/wayaly.com\/pruebas3\/politica-de-cookies\/","url":"https:\/\/wayaly.com\/pruebas3\/politica-de-cookies\/","name":"Pol\u00edtica De Cookies - Wayaly GiftCard","isPartOf":{"@id":"https:\/\/wayaly.com\/pruebas3\/#website"},"datePublished":"2023-12-30T09:37:48+00:00","dateModified":"2023-12-30T09:37:49+00:00","breadcrumb":{"@id":"https:\/\/wayaly.com\/pruebas3\/politica-de-cookies\/#breadcrumb"},"inLanguage":"es","potentialAction":[{"@type":"ReadAction","target":["https:\/\/wayaly.com\/pruebas3\/politica-de-cookies\/"]}]},{"@type":"BreadcrumbList","@id":"https:\/\/wayaly.com\/pruebas3\/politica-de-cookies\/#breadcrumb","itemListElement":[{"@type":"ListItem","position":1,"name":"Portada","item":"https:\/\/wayaly.com\/pruebas3\/"},{"@type":"ListItem","position":2,"name":"Pol\u00edtica De Cookies"}]},{"@type":"WebSite","@id":"https:\/\/wayaly.com\/pruebas3\/#website","url":"https:\/\/wayaly.com\/pruebas3\/","name":"Wayaly GiftCard","description":"Paga con USDT en Glovo, Primark, Zara y m\u00e1s con Waynance","publisher":{"@id":"https:\/\/wayaly.com\/pruebas3\/#organization"},"potentialAction":[{"@type":"SearchAction","target":{"@type":"EntryPoint","urlTemplate":"https:\/\/wayaly.com\/pruebas3\/?s={search_term_string}"},"query-input":"required name=search_term_string"}],"inLanguage":"es"},{"@type":"Organization","@id":"https:\/\/wayaly.com\/pruebas3\/#organization","name":"Wayaly GiftCard","url":"https:\/\/wayaly.com\/pruebas3\/","logo":{"@type":"ImageObject","inLanguage":"es","@id":"https:\/\/wayaly.com\/pruebas3\/#\/schema\/logo\/image\/","url":"https:\/\/wayaly.com\/pruebas3\/wp-content\/uploads\/2023\/12\/cropped-3.png","contentUrl":"https:\/\/wayaly.com\/pruebas3\/wp-content\/uploads\/2023\/12\/cropped-3.png","width":1110,"height":931,"caption":"Wayaly GiftCard"},"image":{"@id":"https:\/\/wayaly.com\/pruebas3\/#\/schema\/logo\/image\/"},"sameAs":["https:\/\/twitter.com\/Wayaly_"]}]}},"_links":{"self":[{"href":"https:\/\/wayaly.com\/pruebas3\/wp-json\/wp\/v2\/pages\/1187","targetHints":{"allow":["GET"]}}],"collection":[{"href":"https:\/\/wayaly.com\/pruebas3\/wp-json\/wp\/v2\/pages"}],"about":[{"href":"https:\/\/wayaly.com\/pruebas3\/wp-json\/wp\/v2\/types\/page"}],"author":[{"embeddable":true,"href":"https:\/\/wayaly.com\/pruebas3\/wp-json\/wp\/v2\/users\/1"}],"replies":[{"embeddable":true,"href":"https:\/\/wayaly.com\/pruebas3\/wp-json\/wp\/v2\/comments?post=1187"}],"version-history":[{"count":1,"href":"https:\/\/wayaly.com\/pruebas3\/wp-json\/wp\/v2\/pages\/1187\/revisions"}],"predecessor-version":[{"id":1189,"href":"https:\/\/wayaly.com\/pruebas3\/wp-json\/wp\/v2\/pages\/1187\/revisions\/1189"}],"wp:attachment":[{"href":"https:\/\/wayaly.com\/pruebas3\/wp-json\/wp\/v2\/media?parent=1187"}],"curies":[{"name":"wp","href":"https:\/\/api.w.org\/{rel}","templated":true}]}}